{"id":14,"date":"2026-05-15T21:22:18","date_gmt":"2026-05-15T21:22:18","guid":{"rendered":"https:\/\/psico.ec\/?page_id=14"},"modified":"2026-05-15T21:22:25","modified_gmt":"2026-05-15T21:22:25","slug":"blog","status":"publish","type":"page","link":"https:\/\/psico.ec\/?page_id=14","title":{"rendered":"Blog"},"content":{"rendered":"<h5>Tu bienestar, nuestra prioridad<\/h5>\n<h2>Cuidamos tu salud mental<\/h2>\n<p>En Psico.ec, estamos aqu\u00ed para apoyarte en tu camino hacia el bienestar emocional. Explora nuestros servicios y descubre c\u00f3mo podemos ayudarte.<\/p>\n<p>\t\t\t\t\t\t\t\t<a href=\"#\"><br \/>\n\t\t\t\t\t\t\t\t\tAgenda tu cita<br \/>\n\t\t\t\t\t<\/a><br \/>\n\t\t\t\t\t\t\t\t\t\t\t\t\t\t<a href=\"#\"><br \/>\n\t\t\t\t\t\t\t\t\tCon\u00f3cenos<br \/>\n\t\t\t\t\t<\/a><\/p>\n<h2>Tu bienestar es nuestra prioridad<\/h2>\n<h2>\u00daltimas Publicaciones del Blog<\/h2>\n<p>\t\t\t\t\t\t\t\t\t\t<a href=\"#\"><br \/>\n\t\t\t\t\t\t\t\t\tVer todo<br \/>\n\t\t\t\t\t<\/a><br \/>\n\t\t\t\t\t\t\t\t\t\t\t\t\t\t\t\t\t\t\t<img loading=\"lazy\" decoding=\"async\" width=\"1920\" height=\"1080\" src=\"https:\/\/psico.ec\/wp-content\/uploads\/2026\/05\/placeholder-demo-image-scaled-1.jpg\" alt=\"\" srcset=\"https:\/\/psico.ec\/wp-content\/uploads\/2026\/05\/placeholder-demo-image-scaled-1.jpg 1920w, https:\/\/psico.ec\/wp-content\/uploads\/2026\/05\/placeholder-demo-image-scaled-1-300x169.jpg 300w, https:\/\/psico.ec\/wp-content\/uploads\/2026\/05\/placeholder-demo-image-scaled-1-1024x576.jpg 1024w, https:\/\/psico.ec\/wp-content\/uploads\/2026\/05\/placeholder-demo-image-scaled-1-768x432.jpg 768w, https:\/\/psico.ec\/wp-content\/uploads\/2026\/05\/placeholder-demo-image-scaled-1-1536x864.jpg 1536w\" sizes=\"auto, (max-width: 1920px) 100vw, 1920px\" \/>\t\t\t\t\t\t\t\t\t\t\t\t\t\t\t\t<\/p>\n<h2>Explora nuestras categor\u00edas de blog<\/h2>\n<p>Navega por nuestras categor\u00edas de blog para descubrir temas que te interesan. Cada categor\u00eda incluye un \u00edcono que facilita la b\u00fasqueda. Queremos que encuentres contenido relevante que te hable directamente. Aqu\u00ed podr\u00e1s ver informaci\u00f3n \u00fatil y consejos que apoyan tu bienestar emocional.<\/p>\n<h5>Con\u00e9ctate con tu bienestar<\/h5>\n<h2>Recibe nuestras novedades y consejos de salud mental<\/h2>\n<p>\t\t\t\t\t\t\t\t\t\t<a href=\"#\"><br \/>\n\t\t\t\t\t\t\t\t\tSuscr\u00edbete<br \/>\n\t\t\t\t\t<\/a><\/p>\n","protected":false},"excerpt":{"rendered":"<p>Tu bienestar, nuestra prioridad Cuidamos tu salud mental En Psico.ec, estamos aqu\u00ed para apoyarte en tu camino hacia el bienestar emocional. Explora nuestros servicios y descubre c\u00f3mo podemos ayudarte. Agenda tu cita Con\u00f3cenos Tu bienestar es nuestra prioridad \u00daltimas Publicaciones del Blog Ver todo Explora nuestras categor\u00edas de blog Navega por nuestras categor\u00edas de blog [&hellip;]<\/p>\n","protected":false},"author":1,"featured_media":0,"parent":0,"menu_order":0,"comment_status":"closed","ping_status":"closed","template":"","meta":{"footnotes":""},"class_list":["post-14","page","type-page","status-publish","hentry"],"_links":{"self":[{"href":"https:\/\/psico.ec\/index.php?rest_route=\/wp\/v2\/pages\/14","targetHints":{"allow":["GET"]}}],"collection":[{"href":"https:\/\/psico.ec\/index.php?rest_route=\/wp\/v2\/pages"}],"about":[{"href":"https:\/\/psico.ec\/index.php?rest_route=\/wp\/v2\/types\/page"}],"author":[{"embeddable":true,"href":"https:\/\/psico.ec\/index.php?rest_route=\/wp\/v2\/users\/1"}],"replies":[{"embeddable":true,"href":"https:\/\/psico.ec\/index.php?rest_route=%2Fwp%2Fv2%2Fcomments&post=14"}],"version-history":[{"count":1,"href":"https:\/\/psico.ec\/index.php?rest_route=\/wp\/v2\/pages\/14\/revisions"}],"predecessor-version":[{"id":34,"href":"https:\/\/psico.ec\/index.php?rest_route=\/wp\/v2\/pages\/14\/revisions\/34"}],"wp:attachment":[{"href":"https:\/\/psico.ec\/index.php?rest_route=%2Fwp%2Fv2%2Fmedia&parent=14"}],"curies":[{"name":"wp","href":"https:\/\/api.w.org\/{rel}","templated":true}]}}